{"id":9,"date":"2020-02-13T20:02:25","date_gmt":"2020-02-13T19:02:25","guid":{"rendered":"http:\/\/alice-maier.eu\/?page_id=9"},"modified":"2020-02-14T18:25:51","modified_gmt":"2020-02-14T17:25:51","slug":"herzlich-willkommen-auf-meinen-seiten","status":"publish","type":"page","link":"http:\/\/alice-maier.eu\/?page_id=9","title":{"rendered":"Kontakt"},"content":{"rendered":"\n<h5>Herzlich Willkommen auf meinen Seiten!<\/h5>\n\n\n\n<p>Hier&nbsp;finden Sie meine Geschichten, Essays und alles, was&nbsp;Schreibfreude&nbsp;sonst noch Tintenspur werden lie\u00df.<\/p>\n\n\n\n<p>Viel&nbsp;Spa\u00df beim Lesen w\u00fcnscht Ihnen<br><strong>Alice Maier&nbsp;<\/strong><\/p>\n\n\n\n<p>p.s.:&nbsp;F\u00fcr Kommentare&nbsp;und&nbsp;Anmerkungen zu meinen Texten erreichen Sie mich unter der Mailadresse:&nbsp;<a href=\"mailto:Mailbox@alice-maier.eu\">Mailbox(at)alice-maier.eu<\/a><\/p>\n","protected":false},"excerpt":{"rendered":"<p>Herzlich Willkommen auf meinen Seiten! Hier&nbsp;finden Sie meine Geschichten, Essays und alles, was&nbsp;Schreibfreude&nbsp;sonst noch Tintenspur werden lie\u00df. Viel&nbsp;Spa\u00df beim Lesen w\u00fcnscht IhnenAlice Maier&nbsp; p.s.:&nbsp;F\u00fcr Kommentare&nbsp;und&nbsp;Anmerkungen zu meinen Texten erreichen Sie mich unter der Mailadresse:&nbsp;Mailbox(at)alice-maier.eu<\/p>\n","protected":false},"author":1,"featured_media":0,"parent":0,"menu_order":0,"comment_status":"closed","ping_status":"closed","template":"templates\/template-fullwidth.php","meta":[],"_links":{"self":[{"href":"http:\/\/alice-maier.eu\/index.php?rest_route=\/wp\/v2\/pages\/9"}],"collection":[{"href":"http:\/\/alice-maier.eu\/index.php?rest_route=\/wp\/v2\/pages"}],"about":[{"href":"http:\/\/alice-maier.eu\/index.php?rest_route=\/wp\/v2\/types\/page"}],"author":[{"embeddable":true,"href":"http:\/\/alice-maier.eu\/index.php?rest_route=\/wp\/v2\/users\/1"}],"replies":[{"embeddable":true,"href":"http:\/\/alice-maier.eu\/index.php?rest_route=%2Fwp%2Fv2%2Fcomments&post=9"}],"version-history":[{"count":4,"href":"http:\/\/alice-maier.eu\/index.php?rest_route=\/wp\/v2\/pages\/9\/revisions"}],"predecessor-version":[{"id":87,"href":"http:\/\/alice-maier.eu\/index.php?rest_route=\/wp\/v2\/pages\/9\/revisions\/87"}],"wp:attachment":[{"href":"http:\/\/alice-maier.eu\/index.php?rest_route=%2Fwp%2Fv2%2Fmedia&parent=9"}],"curies":[{"name":"wp","href":"https:\/\/api.w.org\/{rel}","templated":true}]}}